{"id":16112,"date":"2022-09-27T09:00:45","date_gmt":"2022-09-27T09:00:45","guid":{"rendered":"https:\/\/hnos-almansa.es\/?page_id=16112"},"modified":"2022-11-17T11:36:06","modified_gmt":"2022-11-17T11:36:06","slug":"practicables","status":"publish","type":"page","link":"https:\/\/hnos-almansa.es\/ca\/sistemes\/practicables\/","title":{"rendered":"Practicables"},"content":{"rendered":"\t\t<div data-elementor-type=\"wp-page\" data-elementor-id=\"16112\" class=\"elementor elementor-16112 elementor-14252\" data-elementor-post-type=\"page\">\n\t\t\t\t\t\t<section class=\"elementor-section elementor-top-section elementor-element elementor-element-cd203fd elementor-section-boxed elementor-section-height-default elementor-section-height-default\" data-id=\"cd203fd\" data-element_type=\"section\">\n\t\t\t\t\t\t<div class=\"elementor-container elementor-column-gap-default\">\n\t\t\t\t\t<div class=\"elementor-column elementor-col-100 elementor-top-column elementor-element elementor-element-6527067\" data-id=\"6527067\" data-element_type=\"column\">\n\t\t\t<div class=\"elementor-widget-wrap elementor-element-populated\">\n\t\t\t\t\t\t<div class=\"elementor-element elementor-element-64f79ce premium-blog-align-left elementor-widget elementor-widget-premium-addon-blog\" data-id=\"64f79ce\" data-element_type=\"widget\" data-settings=\"{&quot;premium_blog_grid&quot;:&quot;yes&quot;,&quot;premium_blog_layout&quot;:&quot;even&quot;,&quot;premium_blog_columns_number&quot;:&quot;50%&quot;,&quot;premium_blog_columns_number_tablet&quot;:&quot;50%&quot;,&quot;premium_blog_columns_number_mobile&quot;:&quot;100%&quot;}\" data-widget_type=\"premium-addon-blog.default\">\n\t\t\t\t<div class=\"elementor-widget-container\">\n\t\t\t\t\t\n\t\t\t\t<div class=\"premium-blog-wrap  premium-blog-even\" data-page=\"16112\">\n\t\t\t\t\t<div class=\"premium-blog-post-outer-container\" data-total=\"1\">\r\n\t\t\t<div class=\"premium-blog-post-container premium-blog-skin-side\">\r\n\t\t\t\t\t\t\t\t\t<div class=\"premium-blog-thumb-effect-wrapper\">\r\n\t\t\t\t\t\t<div class=\"premium-blog-thumbnail-container premium-blog-zoomin-effect\">\r\n\t\t\t\t\t\t\t<img fetchpriority=\"high\" decoding=\"async\" width=\"500\" height=\"752\" src=\"https:\/\/hnos-almansa.es\/wp-content\/uploads\/2022\/09\/600.jpg\" class=\"attachment-full size-full wp-image-16076\" alt=\"\" srcset=\"https:\/\/hnos-almansa.es\/wp-content\/uploads\/2022\/09\/600.jpg 500w, https:\/\/hnos-almansa.es\/wp-content\/uploads\/2022\/09\/600-199x300.jpg 199w\" sizes=\"(max-width: 500px) 100vw, 500px\" \/>\t\t\t\t\t\t<\/div>\r\n\t\t\t\t\t\t\t\t\t\t\t\t\t<div class=\"premium-blog-thumbnail-overlay\">\r\n\t\t\t\t\t\t\t\t<a class=\"elementor-icon\" href=\"https:\/\/hnos-almansa.es\/ca\/sistemes\/serie-vidal-600\/\" target=\"_self\"><\/a>\r\n\t\t\t\t\t\t\t<\/div>\r\n\r\n\t\t\t\t\t\t\t\t\t\t\t\t\t\t\t\t\t\t<\/div>\r\n\t\t\t\t\t\t\t\t\t\t\t\t<div class=\"premium-blog-content-wrapper \">\r\n\r\n\t\t\t\t\t<div class=\"premium-blog-inner-container\">\r\n\r\n\t\t\t\t\t\t\t\t\t\t\t\t\t<div class=\"premium-blog-cats-container\">\r\n\t\t\t\t\t\t\t\t<ul class=\"post-categories\">\r\n\t\t\t\t\t\t\t\t\t<li><a href=\"https:\/\/hnos-almansa.es\/ca\/category\/corredisses\/\" class=\"elementor-repeater-item-be7875b\">Corredisses<\/a><\/li>\t\t\t\t\t\t\t\t<\/ul>\r\n\t\t\t\t\t\t\t<\/div>\r\n\t\t\t\t\t\t\t\t\t\t\t\t\t\t<h2 class=\"premium-blog-entry-title\">\r\n\t\t\t<a href=\"https:\/\/hnos-almansa.es\/ca\/sistemes\/serie-vidal-600\/\" target=\"_self\">\r\n\t\t\t\tSerie Vidal 600\t\t\t<\/a>\r\n\t\t<\/h2>\r\n\t\t\t\t<div class=\"premium-blog-entry-meta\">\r\n\t\t\t\r\n\t\t\t\r\n\t\t\t\r\n\t\t\t\t\t<\/div>\r\n\t\t\r\n\t\t\t\t\t<\/div>\r\n\r\n\t\t\t\t\t\t\t<div class=\"premium-blog-content-inner-wrapper\">\r\n\t\t<p class=\"premium-blog-post-content\">Serie Vidal 600 S\u00e8rie de fusteria corredissa amb diverses opcions d&#8217;obertura amb dues fulles, tres fulles amb obertura pels extrems o el centre i quatre fulles amb obertura, tant pel centre com pels extrems. Sempre en dos carrils. \u00c9s una s\u00e8rie econ\u00f2mica de grans prestacions i alta qualitat. \u2026<\/p>\t\t<\/div>\r\n\t\t\t\t\t\t\t\r\n\t\t\t\t<\/div>\r\n\t\t\t<\/div>\r\n\t\t<\/div>\r\n\r\n\t\t\t\t<div class=\"premium-blog-post-outer-container\" data-total=\"1\">\r\n\t\t\t<div class=\"premium-blog-post-container premium-blog-skin-side\">\r\n\t\t\t\t\t\t\t\t\t<div class=\"premium-blog-thumb-effect-wrapper\">\r\n\t\t\t\t\t\t<div class=\"premium-blog-thumbnail-container premium-blog-zoomin-effect\">\r\n\t\t\t\t\t\t\t<img decoding=\"async\" width=\"500\" height=\"752\" src=\"https:\/\/hnos-almansa.es\/wp-content\/uploads\/2022\/09\/fornells-700.jpg\" class=\"attachment-full size-full wp-image-16083\" alt=\"\" srcset=\"https:\/\/hnos-almansa.es\/wp-content\/uploads\/2022\/09\/fornells-700.jpg 500w, https:\/\/hnos-almansa.es\/wp-content\/uploads\/2022\/09\/fornells-700-199x300.jpg 199w\" sizes=\"(max-width: 500px) 100vw, 500px\" \/>\t\t\t\t\t\t<\/div>\r\n\t\t\t\t\t\t\t\t\t\t\t\t\t<div class=\"premium-blog-thumbnail-overlay\">\r\n\t\t\t\t\t\t\t\t<a class=\"elementor-icon\" href=\"https:\/\/hnos-almansa.es\/ca\/sistemes\/serie-fornells-700\/\" target=\"_self\"><\/a>\r\n\t\t\t\t\t\t\t<\/div>\r\n\r\n\t\t\t\t\t\t\t\t\t\t\t\t\t\t\t\t\t\t<\/div>\r\n\t\t\t\t\t\t\t\t\t\t\t\t<div class=\"premium-blog-content-wrapper \">\r\n\r\n\t\t\t\t\t<div class=\"premium-blog-inner-container\">\r\n\r\n\t\t\t\t\t\t\t\t\t\t\t\t\t<div class=\"premium-blog-cats-container\">\r\n\t\t\t\t\t\t\t\t<ul class=\"post-categories\">\r\n\t\t\t\t\t\t\t\t\t<li><a href=\"https:\/\/hnos-almansa.es\/ca\/category\/corredisses\/\" class=\"elementor-repeater-item-be7875b\">Corredisses<\/a><\/li>\t\t\t\t\t\t\t\t<\/ul>\r\n\t\t\t\t\t\t\t<\/div>\r\n\t\t\t\t\t\t\t\t\t\t\t\t\t\t<h2 class=\"premium-blog-entry-title\">\r\n\t\t\t<a href=\"https:\/\/hnos-almansa.es\/ca\/sistemes\/serie-fornells-700\/\" target=\"_self\">\r\n\t\t\t\tSerie Fornells 700\t\t\t<\/a>\r\n\t\t<\/h2>\r\n\t\t\t\t<div class=\"premium-blog-entry-meta\">\r\n\t\t\t\r\n\t\t\t\r\n\t\t\t\r\n\t\t\t\t\t<\/div>\r\n\t\t\r\n\t\t\t\t\t<\/div>\r\n\r\n\t\t\t\t\t\t\t<div class=\"premium-blog-content-inner-wrapper\">\r\n\t\t<p class=\"premium-blog-post-content\">Serie Fornells 700 S\u00e8rie de fusteria corredissa amb diverses opcions d&#8217;obertura amb dues fulles, tres fulles amb obertura pels extrems o el centre i quatre fulles amb obertura, tant pel centre com pels extrems. Tamb\u00e9 es pot fabricar en tres fulles amb tres carrils. Qualitats L&#8217;assemblatge dels perfils \u2026<\/p>\t\t<\/div>\r\n\t\t\t\t\t\t\t\r\n\t\t\t\t<\/div>\r\n\t\t\t<\/div>\r\n\t\t<\/div>\r\n\r\n\t\t\t\t<div class=\"premium-blog-post-outer-container\" data-total=\"1\">\r\n\t\t\t<div class=\"premium-blog-post-container premium-blog-skin-side\">\r\n\t\t\t\t\t\t\t\t\t<div class=\"premium-blog-thumb-effect-wrapper\">\r\n\t\t\t\t\t\t<div class=\"premium-blog-thumbnail-container premium-blog-zoomin-effect\">\r\n\t\t\t\t\t\t\t<img decoding=\"async\" width=\"252\" height=\"346\" src=\"https:\/\/hnos-almansa.es\/wp-content\/uploads\/2022\/09\/800.jpg\" class=\"attachment-full size-full wp-image-16090\" alt=\"\" srcset=\"https:\/\/hnos-almansa.es\/wp-content\/uploads\/2022\/09\/800.jpg 252w, https:\/\/hnos-almansa.es\/wp-content\/uploads\/2022\/09\/800-218x300.jpg 218w\" sizes=\"(max-width: 252px) 100vw, 252px\" \/>\t\t\t\t\t\t<\/div>\r\n\t\t\t\t\t\t\t\t\t\t\t\t\t<div class=\"premium-blog-thumbnail-overlay\">\r\n\t\t\t\t\t\t\t\t<a class=\"elementor-icon\" href=\"https:\/\/hnos-almansa.es\/ca\/sistemes\/serie-ferreira-800\/\" target=\"_self\"><\/a>\r\n\t\t\t\t\t\t\t<\/div>\r\n\r\n\t\t\t\t\t\t\t\t\t\t\t\t\t\t\t\t\t\t<\/div>\r\n\t\t\t\t\t\t\t\t\t\t\t\t<div class=\"premium-blog-content-wrapper \">\r\n\r\n\t\t\t\t\t<div class=\"premium-blog-inner-container\">\r\n\r\n\t\t\t\t\t\t\t\t\t\t\t\t\t<div class=\"premium-blog-cats-container\">\r\n\t\t\t\t\t\t\t\t<ul class=\"post-categories\">\r\n\t\t\t\t\t\t\t\t\t<li><a href=\"https:\/\/hnos-almansa.es\/ca\/category\/corredisses\/\" class=\"elementor-repeater-item-be7875b\">Corredisses<\/a><\/li>\t\t\t\t\t\t\t\t<\/ul>\r\n\t\t\t\t\t\t\t<\/div>\r\n\t\t\t\t\t\t\t\t\t\t\t\t\t\t<h2 class=\"premium-blog-entry-title\">\r\n\t\t\t<a href=\"https:\/\/hnos-almansa.es\/ca\/sistemes\/serie-ferreira-800\/\" target=\"_self\">\r\n\t\t\t\tSerie Ferreira 800\t\t\t<\/a>\r\n\t\t<\/h2>\r\n\t\t\t\t<div class=\"premium-blog-entry-meta\">\r\n\t\t\t\r\n\t\t\t\r\n\t\t\t\r\n\t\t\t\t\t<\/div>\r\n\t\t\r\n\t\t\t\t\t<\/div>\r\n\r\n\t\t\t\t\t\t\t<div class=\"premium-blog-content-inner-wrapper\">\r\n\t\t<p class=\"premium-blog-post-content\">Serie Ferreira 800 S\u00e8rie de fusteria corredissa de trencament de pont t\u00e8rmic, amb diverses opcions d&#8217;obertura amb dues fulles, tres fulles amb obertura pels extrems o el centre i quatre fulles amb obertura tant pel centre com pels extrems en dos carrils. Per a una major obertura es \u2026<\/p>\t\t<\/div>\r\n\t\t\t\t\t\t\t\r\n\t\t\t\t<\/div>\r\n\t\t\t<\/div>\r\n\t\t<\/div>\r\n\r\n\t\t\t\t<div class=\"premium-blog-post-outer-container\" data-total=\"1\">\r\n\t\t\t<div class=\"premium-blog-post-container premium-blog-skin-side\">\r\n\t\t\t\t\t\t\t\t\t<div class=\"premium-blog-thumb-effect-wrapper\">\r\n\t\t\t\t\t\t<div class=\"premium-blog-thumbnail-container premium-blog-zoomin-effect\">\r\n\t\t\t\t\t\t\t<img loading=\"lazy\" decoding=\"async\" width=\"500\" height=\"752\" src=\"https:\/\/hnos-almansa.es\/wp-content\/uploads\/2022\/09\/SERIE-ELEVABLE.jpg\" class=\"attachment-full size-full wp-image-16097\" alt=\"\" srcset=\"https:\/\/hnos-almansa.es\/wp-content\/uploads\/2022\/09\/SERIE-ELEVABLE.jpg 500w, https:\/\/hnos-almansa.es\/wp-content\/uploads\/2022\/09\/SERIE-ELEVABLE-199x300.jpg 199w\" sizes=\"(max-width: 500px) 100vw, 500px\" \/>\t\t\t\t\t\t<\/div>\r\n\t\t\t\t\t\t\t\t\t\t\t\t\t<div class=\"premium-blog-thumbnail-overlay\">\r\n\t\t\t\t\t\t\t\t<a class=\"elementor-icon\" href=\"https:\/\/hnos-almansa.es\/ca\/sistemes\/serie-elevable\/\" target=\"_self\"><\/a>\r\n\t\t\t\t\t\t\t<\/div>\r\n\r\n\t\t\t\t\t\t\t\t\t\t\t\t\t\t\t\t\t\t<\/div>\r\n\t\t\t\t\t\t\t\t\t\t\t\t<div class=\"premium-blog-content-wrapper \">\r\n\r\n\t\t\t\t\t<div class=\"premium-blog-inner-container\">\r\n\r\n\t\t\t\t\t\t\t\t\t\t\t\t\t<div class=\"premium-blog-cats-container\">\r\n\t\t\t\t\t\t\t\t<ul class=\"post-categories\">\r\n\t\t\t\t\t\t\t\t\t<li><a href=\"https:\/\/hnos-almansa.es\/ca\/category\/corredisses\/\" class=\"elementor-repeater-item-be7875b\">Corredisses<\/a><\/li>\t\t\t\t\t\t\t\t<\/ul>\r\n\t\t\t\t\t\t\t<\/div>\r\n\t\t\t\t\t\t\t\t\t\t\t\t\t\t<h2 class=\"premium-blog-entry-title\">\r\n\t\t\t<a href=\"https:\/\/hnos-almansa.es\/ca\/sistemes\/serie-elevable\/\" target=\"_self\">\r\n\t\t\t\tSerie Elevable\t\t\t<\/a>\r\n\t\t<\/h2>\r\n\t\t\t\t<div class=\"premium-blog-entry-meta\">\r\n\t\t\t\r\n\t\t\t\r\n\t\t\t\r\n\t\t\t\t\t<\/div>\r\n\t\t\r\n\t\t\t\t\t<\/div>\r\n\r\n\t\t\t\t\t\t\t<div class=\"premium-blog-content-inner-wrapper\">\r\n\t\t<p class=\"premium-blog-post-content\">Serie Elevable S\u00e8rie de fusteria corredissa-elevable de trencament de pont t\u00e8rmic especialment dissenyada per a grans tancaments. Amb diverses opcions d&#8217;obertura amb dues fulles, tres fulles amb obertura pels extrems i quatre fulles amb obertura tant pel centre com pels extrems. De manera opcional, es pot utilitzar un \u2026<\/p>\t\t<\/div>\r\n\t\t\t\t\t\t\t\r\n\t\t\t\t<\/div>\r\n\t\t\t<\/div>\r\n\t\t<\/div>\r\n\r\n\t\t\t\t<div class=\"premium-blog-post-outer-container\" data-total=\"1\">\r\n\t\t\t<div class=\"premium-blog-post-container premium-blog-skin-side\">\r\n\t\t\t\t\t\t\t\t\t<div class=\"premium-blog-thumb-effect-wrapper\">\r\n\t\t\t\t\t\t<div class=\"premium-blog-thumbnail-container premium-blog-zoomin-effect\">\r\n\t\t\t\t\t\t\t<img loading=\"lazy\" decoding=\"async\" width=\"500\" height=\"752\" src=\"https:\/\/hnos-almansa.es\/wp-content\/uploads\/2022\/09\/cruce-panoramico.jpg\" class=\"attachment-full size-full wp-image-16104\" alt=\"\" srcset=\"https:\/\/hnos-almansa.es\/wp-content\/uploads\/2022\/09\/cruce-panoramico.jpg 500w, https:\/\/hnos-almansa.es\/wp-content\/uploads\/2022\/09\/cruce-panoramico-199x300.jpg 199w\" sizes=\"(max-width: 500px) 100vw, 500px\" \/>\t\t\t\t\t\t<\/div>\r\n\t\t\t\t\t\t\t\t\t\t\t\t\t<div class=\"premium-blog-thumbnail-overlay\">\r\n\t\t\t\t\t\t\t\t<a class=\"elementor-icon\" href=\"https:\/\/hnos-almansa.es\/ca\/sistemes\/encreuament-panoramic\/\" target=\"_self\"><\/a>\r\n\t\t\t\t\t\t\t<\/div>\r\n\r\n\t\t\t\t\t\t\t\t\t\t\t\t\t\t\t\t\t\t<\/div>\r\n\t\t\t\t\t\t\t\t\t\t\t\t<div class=\"premium-blog-content-wrapper \">\r\n\r\n\t\t\t\t\t<div class=\"premium-blog-inner-container\">\r\n\r\n\t\t\t\t\t\t\t\t\t\t\t\t\t<div class=\"premium-blog-cats-container\">\r\n\t\t\t\t\t\t\t\t<ul class=\"post-categories\">\r\n\t\t\t\t\t\t\t\t\t<li><a href=\"https:\/\/hnos-almansa.es\/ca\/category\/corredisses\/\" class=\"elementor-repeater-item-be7875b\">Corredisses<\/a><\/li>\t\t\t\t\t\t\t\t<\/ul>\r\n\t\t\t\t\t\t\t<\/div>\r\n\t\t\t\t\t\t\t\t\t\t\t\t\t\t<h2 class=\"premium-blog-entry-title\">\r\n\t\t\t<a href=\"https:\/\/hnos-almansa.es\/ca\/sistemes\/encreuament-panoramic\/\" target=\"_self\">\r\n\t\t\t\tEncreuament Panor\u00e0mic\t\t\t<\/a>\r\n\t\t<\/h2>\r\n\t\t\t\t<div class=\"premium-blog-entry-meta\">\r\n\t\t\t\r\n\t\t\t\r\n\t\t\t\r\n\t\t\t\t\t<\/div>\r\n\t\t\r\n\t\t\t\t\t<\/div>\r\n\r\n\t\t\t\t\t\t\t<div class=\"premium-blog-content-inner-wrapper\">\r\n\t\t<p class=\"premium-blog-post-content\">Encreuament Panor\u00e0mic Caracter\u00edstiques Sistema de corredissa perimetral amb trencament de pont t\u00e8rmic d&#8217;encreuament Panor\u00e0mic, poliamida de 18,6 mm en marc i 26 mm en fulla. Marc llis 70 mm i fulla de 73 mm. Buit de fulla per a envidrament 26 mm. Encreuament panor\u00e0mic de 30 mm per \u2026<\/p>\t\t<\/div>\r\n\t\t\t\t\t\t\t\r\n\t\t\t\t<\/div>\r\n\t\t\t<\/div>\r\n\t\t<\/div>\r\n\r\n\t\t\t\t<\/div>\n\n\t\t\t\t\t\t<\/div>\n\t\t\t\t<\/div>\n\t\t\t\t\t<\/div>\n\t\t<\/div>\n\t\t\t\t\t<\/div>\n\t\t<\/section>\n\t\t\t\t<\/div>\n\t\t","protected":false},"excerpt":{"rendered":"<p>Correderas Serie Vidal 600 Serie Vidal 600 Serie de carpinter\u00eda corredera con varias opciones de apertura con dos hojas, tres hojas apertura por los extremos o el centro y cuatro hojas con apertura tanto por el centro como por los extremos. Siempre en dos carriles. Es una serie econ\u00f3mica de grandes prestaciones \u2026 Correderas Serie&#8230;<\/p>\n","protected":false},"author":4,"featured_media":0,"parent":16214,"menu_order":0,"comment_status":"closed","ping_status":"closed","template":"","meta":{"footnotes":""},"categories":[],"tags":[],"class_list":["post-16112","page","type-page","status-publish","hentry"],"yoast_head":"<!-- This site is optimized with the Yoast SEO plugin v26.4 - https:\/\/yoast.com\/wordpress\/plugins\/seo\/ -->\n<title>Practicables - Hnos. Almansa<\/title>\n<meta name=\"robots\" content=\"index, follow, max-snippet:-1, max-image-preview:large, max-video-preview:-1\" \/>\n<link rel=\"canonical\" href=\"https:\/\/hnos-almansa.es\/ca\/sistemes\/practicables\/\" \/>\n<meta property=\"og:locale\" content=\"ca_ES\" \/>\n<meta property=\"og:type\" content=\"article\" \/>\n<meta property=\"og:title\" content=\"Practicables - Hnos. Almansa\" \/>\n<meta property=\"og:description\" content=\"Correderas Serie Vidal 600 Serie Vidal 600 Serie de carpinter\u00eda corredera con varias opciones de apertura con dos hojas, tres hojas apertura por los extremos o el centro y cuatro hojas con apertura tanto por el centro como por los extremos. Siempre en dos carriles. Es una serie econ\u00f3mica de grandes prestaciones \u2026 Correderas Serie...\" \/>\n<meta property=\"og:url\" content=\"https:\/\/hnos-almansa.es\/ca\/sistemes\/practicables\/\" \/>\n<meta property=\"og:site_name\" content=\"Hnos. Almansa\" \/>\n<meta property=\"article:modified_time\" content=\"2022-11-17T11:36:06+00:00\" \/>\n<meta property=\"og:image\" content=\"https:\/\/hnos-almansa.es\/wp-content\/uploads\/2022\/09\/600.jpg\" \/>\n<meta name=\"twitter:card\" content=\"summary_large_image\" \/>\n<meta name=\"twitter:label1\" content=\"Temps estimat de lectura\" \/>\n\t<meta name=\"twitter:data1\" content=\"3 minuts\" \/>\n<script type=\"application\/ld+json\" class=\"yoast-schema-graph\">{\"@context\":\"https:\/\/schema.org\",\"@graph\":[{\"@type\":\"WebPage\",\"@id\":\"https:\/\/hnos-almansa.es\/ca\/sistemes\/practicables\/\",\"url\":\"https:\/\/hnos-almansa.es\/ca\/sistemes\/practicables\/\",\"name\":\"Practicables - Hnos. Almansa\",\"isPartOf\":{\"@id\":\"https:\/\/hnos-almansa.es\/ca\/#website\"},\"primaryImageOfPage\":{\"@id\":\"https:\/\/hnos-almansa.es\/ca\/sistemes\/practicables\/#primaryimage\"},\"image\":{\"@id\":\"https:\/\/hnos-almansa.es\/ca\/sistemes\/practicables\/#primaryimage\"},\"thumbnailUrl\":\"https:\/\/hnos-almansa.es\/wp-content\/uploads\/2022\/09\/600.jpg\",\"datePublished\":\"2022-09-27T09:00:45+00:00\",\"dateModified\":\"2022-11-17T11:36:06+00:00\",\"breadcrumb\":{\"@id\":\"https:\/\/hnos-almansa.es\/ca\/sistemes\/practicables\/#breadcrumb\"},\"inLanguage\":\"ca\",\"potentialAction\":[{\"@type\":\"ReadAction\",\"target\":[\"https:\/\/hnos-almansa.es\/ca\/sistemes\/practicables\/\"]}]},{\"@type\":\"ImageObject\",\"inLanguage\":\"ca\",\"@id\":\"https:\/\/hnos-almansa.es\/ca\/sistemes\/practicables\/#primaryimage\",\"url\":\"https:\/\/hnos-almansa.es\/wp-content\/uploads\/2022\/09\/600.jpg\",\"contentUrl\":\"https:\/\/hnos-almansa.es\/wp-content\/uploads\/2022\/09\/600.jpg\"},{\"@type\":\"BreadcrumbList\",\"@id\":\"https:\/\/hnos-almansa.es\/ca\/sistemes\/practicables\/#breadcrumb\",\"itemListElement\":[{\"@type\":\"ListItem\",\"position\":1,\"name\":\"Portada\",\"item\":\"https:\/\/hnos-almansa.es\/ca\/\"},{\"@type\":\"ListItem\",\"position\":2,\"name\":\"Sistemes\",\"item\":\"https:\/\/hnos-almansa.es\/ca\/sistemes\/\"},{\"@type\":\"ListItem\",\"position\":3,\"name\":\"Practicables\"}]},{\"@type\":\"WebSite\",\"@id\":\"https:\/\/hnos-almansa.es\/ca\/#website\",\"url\":\"https:\/\/hnos-almansa.es\/ca\/\",\"name\":\"Hnos. Almansa\",\"description\":\"\",\"potentialAction\":[{\"@type\":\"SearchAction\",\"target\":{\"@type\":\"EntryPoint\",\"urlTemplate\":\"https:\/\/hnos-almansa.es\/ca\/?s={search_term_string}\"},\"query-input\":{\"@type\":\"PropertyValueSpecification\",\"valueRequired\":true,\"valueName\":\"search_term_string\"}}],\"inLanguage\":\"ca\"}]}<\/script>\n<!-- \/ Yoast SEO plugin. -->","yoast_head_json":{"title":"Practicables - Hnos. Almansa","robots":{"index":"index","follow":"follow","max-snippet":"max-snippet:-1","max-image-preview":"max-image-preview:large","max-video-preview":"max-video-preview:-1"},"canonical":"https:\/\/hnos-almansa.es\/ca\/sistemes\/practicables\/","og_locale":"ca_ES","og_type":"article","og_title":"Practicables - Hnos. Almansa","og_description":"Correderas Serie Vidal 600 Serie Vidal 600 Serie de carpinter\u00eda corredera con varias opciones de apertura con dos hojas, tres hojas apertura por los extremos o el centro y cuatro hojas con apertura tanto por el centro como por los extremos. Siempre en dos carriles. Es una serie econ\u00f3mica de grandes prestaciones \u2026 Correderas Serie...","og_url":"https:\/\/hnos-almansa.es\/ca\/sistemes\/practicables\/","og_site_name":"Hnos. Almansa","article_modified_time":"2022-11-17T11:36:06+00:00","og_image":[{"url":"https:\/\/hnos-almansa.es\/wp-content\/uploads\/2022\/09\/600.jpg","type":"","width":"","height":""}],"twitter_card":"summary_large_image","twitter_misc":{"Temps estimat de lectura":"3 minuts"},"schema":{"@context":"https:\/\/schema.org","@graph":[{"@type":"WebPage","@id":"https:\/\/hnos-almansa.es\/ca\/sistemes\/practicables\/","url":"https:\/\/hnos-almansa.es\/ca\/sistemes\/practicables\/","name":"Practicables - Hnos. Almansa","isPartOf":{"@id":"https:\/\/hnos-almansa.es\/ca\/#website"},"primaryImageOfPage":{"@id":"https:\/\/hnos-almansa.es\/ca\/sistemes\/practicables\/#primaryimage"},"image":{"@id":"https:\/\/hnos-almansa.es\/ca\/sistemes\/practicables\/#primaryimage"},"thumbnailUrl":"https:\/\/hnos-almansa.es\/wp-content\/uploads\/2022\/09\/600.jpg","datePublished":"2022-09-27T09:00:45+00:00","dateModified":"2022-11-17T11:36:06+00:00","breadcrumb":{"@id":"https:\/\/hnos-almansa.es\/ca\/sistemes\/practicables\/#breadcrumb"},"inLanguage":"ca","potentialAction":[{"@type":"ReadAction","target":["https:\/\/hnos-almansa.es\/ca\/sistemes\/practicables\/"]}]},{"@type":"ImageObject","inLanguage":"ca","@id":"https:\/\/hnos-almansa.es\/ca\/sistemes\/practicables\/#primaryimage","url":"https:\/\/hnos-almansa.es\/wp-content\/uploads\/2022\/09\/600.jpg","contentUrl":"https:\/\/hnos-almansa.es\/wp-content\/uploads\/2022\/09\/600.jpg"},{"@type":"BreadcrumbList","@id":"https:\/\/hnos-almansa.es\/ca\/sistemes\/practicables\/#breadcrumb","itemListElement":[{"@type":"ListItem","position":1,"name":"Portada","item":"https:\/\/hnos-almansa.es\/ca\/"},{"@type":"ListItem","position":2,"name":"Sistemes","item":"https:\/\/hnos-almansa.es\/ca\/sistemes\/"},{"@type":"ListItem","position":3,"name":"Practicables"}]},{"@type":"WebSite","@id":"https:\/\/hnos-almansa.es\/ca\/#website","url":"https:\/\/hnos-almansa.es\/ca\/","name":"Hnos. Almansa","description":"","potentialAction":[{"@type":"SearchAction","target":{"@type":"EntryPoint","urlTemplate":"https:\/\/hnos-almansa.es\/ca\/?s={search_term_string}"},"query-input":{"@type":"PropertyValueSpecification","valueRequired":true,"valueName":"search_term_string"}}],"inLanguage":"ca"}]}},"_links":{"self":[{"href":"https:\/\/hnos-almansa.es\/ca\/wp-json\/wp\/v2\/pages\/16112","targetHints":{"allow":["GET"]}}],"collection":[{"href":"https:\/\/hnos-almansa.es\/ca\/wp-json\/wp\/v2\/pages"}],"about":[{"href":"https:\/\/hnos-almansa.es\/ca\/wp-json\/wp\/v2\/types\/page"}],"author":[{"embeddable":true,"href":"https:\/\/hnos-almansa.es\/ca\/wp-json\/wp\/v2\/users\/4"}],"replies":[{"embeddable":true,"href":"https:\/\/hnos-almansa.es\/ca\/wp-json\/wp\/v2\/comments?post=16112"}],"version-history":[{"count":9,"href":"https:\/\/hnos-almansa.es\/ca\/wp-json\/wp\/v2\/pages\/16112\/revisions"}],"predecessor-version":[{"id":16162,"href":"https:\/\/hnos-almansa.es\/ca\/wp-json\/wp\/v2\/pages\/16112\/revisions\/16162"}],"up":[{"embeddable":true,"href":"https:\/\/hnos-almansa.es\/ca\/wp-json\/wp\/v2\/pages\/16214"}],"wp:attachment":[{"href":"https:\/\/hnos-almansa.es\/ca\/wp-json\/wp\/v2\/media?parent=16112"}],"wp:term":[{"taxonomy":"category","embeddable":true,"href":"https:\/\/hnos-almansa.es\/ca\/wp-json\/wp\/v2\/categories?post=16112"},{"taxonomy":"post_tag","embeddable":true,"href":"https:\/\/hnos-almansa.es\/ca\/wp-json\/wp\/v2\/tags?post=16112"}],"curies":[{"name":"wp","href":"https:\/\/api.w.org\/{rel}","templated":true}]}}